{"id":130,"date":"2024-08-07T23:27:23","date_gmt":"2024-08-07T21:27:23","guid":{"rendered":"https:\/\/aswkarate-szczytno.pl\/?page_id=130"},"modified":"2024-11-11T21:50:43","modified_gmt":"2024-11-11T20:50:43","slug":"aktualnosci","status":"publish","type":"page","link":"https:\/\/aswkarate-szczytno.pl\/?page_id=130","title":{"rendered":"Aktualno\u015bci"},"content":{"rendered":"\n<blockquote class=\"wp-block-quote is-layout-flow wp-block-quote-is-layout-flow\">\n<p class=\"has-text-align-left has-theme-palette-1-color has-text-color has-link-color has-large-font-size wp-elements-9bcfbd29aa72aa75d6e92b42192ae5f4\"><\/p>\n<\/blockquote>\n\n\n<style>.kb-row-layout-id130_e40af2-58 > .kt-row-column-wrap{align-content:start;}:where(.kb-row-layout-id130_e40af2-58 > .kt-row-column-wrap) > .wp-block-kadence-column{justify-content:start;}.kb-row-layout-id130_e40af2-58 > .kt-row-column-wrap{column-gap:var(--global-kb-gap-md, 2rem);row-gap:var(--global-kb-gap-sm, 1rem);max-width:var( --global-content-width, 2000px );padding-left:var(--global-content-edge-padding);padding-right:var(--global-content-edge-padding);padding-top:var(--global-kb-spacing-xxl, 5rem);padding-bottom:var(--global-kb-spacing-xxl, 5rem);grid-template-columns:minmax(0, 1fr);}.kb-row-layout-id130_e40af2-58 > .kt-row-layout-overlay{opacity:0.30;}@media all and (max-width: 1024px){.kb-row-layout-id130_e40af2-58 > .kt-row-column-wrap{grid-template-columns:minmax(0, 1fr);}}@media all and (max-width: 767px){.kb-row-layout-id130_e40af2-58 > .kt-row-column-wrap{grid-template-columns:minmax(0, 1fr);}}<\/style><div class=\"kb-row-layout-wrap kb-row-layout-id130_e40af2-58 alignfull has-theme-palette9-background-color kt-row-has-bg wp-block-kadence-rowlayout\"><div class=\"kt-row-column-wrap kt-has-1-columns kt-row-layout-equal kt-tab-layout-inherit kt-mobile-layout-row kt-row-valign-top kb-theme-content-width\">\n<style>.kadence-column130_4f1f60-0f > .kt-inside-inner-col,.kadence-column130_4f1f60-0f > .kt-inside-inner-col:before{border-top-left-radius:0px;border-top-right-radius:0px;border-bottom-right-radius:0px;border-bottom-left-radius:0px;}.kadence-column130_4f1f60-0f > .kt-inside-inner-col{column-gap:var(--global-kb-gap-sm, 1rem);}.kadence-column130_4f1f60-0f > .kt-inside-inner-col{flex-direction:column;}.kadence-column130_4f1f60-0f > .kt-inside-inner-col > .aligncenter{width:100%;}.kadence-column130_4f1f60-0f > .kt-inside-inner-col:before{opacity:0.3;}.kadence-column130_4f1f60-0f{position:relative;}@media all and (max-width: 1024px){.kadence-column130_4f1f60-0f > .kt-inside-inner-col{flex-direction:column;justify-content:center;}}@media all and (max-width: 767px){.kadence-column130_4f1f60-0f > .kt-inside-inner-col{flex-direction:column;justify-content:center;}}<\/style>\n<div class=\"wp-block-kadence-column kadence-column130_4f1f60-0f\"><div class=\"kt-inside-inner-col\"><style>.wp-block-kadence-advancedheading.kt-adv-heading130_50e051-1b, .wp-block-kadence-advancedheading.kt-adv-heading130_50e051-1b[data-kb-block=\"kb-adv-heading130_50e051-1b\"]{margin-bottom:var(--global-kb-spacing-md, 2rem);text-align:left;font-size:var(--global-kb-font-size-lg, 2rem);line-height:1.2;font-style:normal;}.wp-block-kadence-advancedheading.kt-adv-heading130_50e051-1b mark.kt-highlight, .wp-block-kadence-advancedheading.kt-adv-heading130_50e051-1b[data-kb-block=\"kb-adv-heading130_50e051-1b\"] mark.kt-highlight{font-style:normal;color:#f76a0c;-webkit-box-decoration-break:clone;box-decoration-break:clone;padding-top:0px;padding-right:0px;padding-bottom:0px;padding-left:0px;}.wp-block-kadence-advancedheading.kt-adv-heading130_50e051-1b img.kb-inline-image, .wp-block-kadence-advancedheading.kt-adv-heading130_50e051-1b[data-kb-block=\"kb-adv-heading130_50e051-1b\"] img.kb-inline-image{width:150px;vertical-align:baseline;}<\/style>\n<h2 class=\"kt-adv-heading130_50e051-1b wp-block-kadence-advancedheading has-theme-palette-3-color has-text-color\" data-kb-block=\"kb-adv-heading130_50e051-1b\">Aktualno\u015bci&#8230;<\/h2>\n\n\n<style>.kb-posts-id-130_fcbe2b-f2 .loop-entry{background:transparent;box-shadow:none;}.kb-posts-id-130_fcbe2b-f2 .loop-entry > .entry-content-wrap{padding:0px;}.kb-posts-id-130_fcbe2b-f2 .loop-entry .post-thumbnail{margin-bottom:1em;}.kb-posts-id-130_fcbe2b-f2 .kb-post-list-item{display:grid;}<\/style><ul class=\"wp-block-kadence-posts kb-posts kadence-posts-list kb-posts-id-130_fcbe2b-f2 content-wrap grid-cols kb-posts-style-unboxed grid-sm-col-2 grid-lg-col-3 item-image-style-above\"><li class=\"kb-post-list-item\">\n\t<article class=\"entry content-bg loop-entry post-649 post type-post status-publish format-standard hentry category-bez-kategorii\">\n\t\t\t\t<div class=\"entry-content-wrap\">\n\t\t\t<header class=\"entry-header\">\n\t\t<div class=\"entry-taxonomies\">\n\t\t<span class=\"category-links term-links category-style-normal\">\n\t\t\t<a href=\"https:\/\/aswkarate-szczytno.pl\/?cat=1\" class=\"category-link-bez-kategorii\" rel=\"tag\">Bez kategorii<\/a>\t\t<\/span>\n\t<\/div><!-- .entry-taxonomies -->\n\t<h2 class=\"entry-title\"><a href=\"https:\/\/aswkarate-szczytno.pl\/?p=649\" rel=\"bookmark\">Kolorowanki do druku<\/a><\/h2>\t<div class=\"entry-meta entry-meta-divider-dot\">\n\t<span class=\"posted-by\"><span class=\"meta-label\">By<\/span><span class=\"author vcard\"><span class=\"fn n\">Marcin Turowski<\/span><\/span><\/span>\t\t\t<span class=\"posted-on\">\n\t\t\t\t<time class=\"entry-date published\" datetime=\"2024-12-08T18:51:55+01:00\">2024-12-08<\/time><time class=\"updated\" datetime=\"2024-12-08T19:30:04+01:00\">2024-12-08<\/time>\t\t\t<\/span>\n\t\t\t\t<\/div><!-- .entry-meta -->\n\t<\/header><!-- .entry-header -->\n\t<div class=\"entry-summary\">\n\t\t\t<\/div><!-- .entry-summary -->\n\t<footer class=\"entry-footer\">\n\t\t\t<div class=\"entry-actions\">\n\t\t\t<p class=\"more-link-wrap\">\n\t\t\t\t<a href=\"https:\/\/aswkarate-szczytno.pl\/?p=649\" class=\"post-more-link\">\n\t\t\t\t\tRead More<span class=\"screen-reader-text\"> Kolorowanki do druku<\/span><span class=\"kadence-svg-iconset svg-baseline\"><svg aria-hidden=\"true\" class=\"kadence-svg-icon kadence-arrow-right-alt-svg\" fill=\"currentColor\" version=\"1.1\" xmlns=\"http:\/\/www.w3.org\/2000\/svg\" width=\"27\" height=\"28\" viewBox=\"0 0 27 28\"><title>Continue<\/title><path d=\"M27 13.953c0 0.141-0.063 0.281-0.156 0.375l-6 5.531c-0.156 0.141-0.359 0.172-0.547 0.094-0.172-0.078-0.297-0.25-0.297-0.453v-3.5h-19.5c-0.281 0-0.5-0.219-0.5-0.5v-3c0-0.281 0.219-0.5 0.5-0.5h19.5v-3.5c0-0.203 0.109-0.375 0.297-0.453s0.391-0.047 0.547 0.078l6 5.469c0.094 0.094 0.156 0.219 0.156 0.359v0z\"><\/path>\n\t\t\t<\/svg><\/span>\t\t\t\t<\/a>\n\t\t\t<\/p>\n\t\t<\/div><!-- .entry-actions -->\n\t\t<\/footer><!-- .entry-footer -->\t\t<\/div>\n\t<\/article>\n<\/li>\n<li class=\"kb-post-list-item\">\n\t<article class=\"entry content-bg loop-entry post-639 post type-post status-publish format-standard hentry category-bez-kategorii\">\n\t\t\t\t<div class=\"entry-content-wrap\">\n\t\t\t<header class=\"entry-header\">\n\t\t<div class=\"entry-taxonomies\">\n\t\t<span class=\"category-links term-links category-style-normal\">\n\t\t\t<a href=\"https:\/\/aswkarate-szczytno.pl\/?cat=1\" class=\"category-link-bez-kategorii\" rel=\"tag\">Bez kategorii<\/a>\t\t<\/span>\n\t<\/div><!-- .entry-taxonomies -->\n\t<h2 class=\"entry-title\"><a href=\"https:\/\/aswkarate-szczytno.pl\/?p=639\" rel=\"bookmark\">Wymagania egzaminacyjne od 15 roku \u017cycia i doro\u015bli<\/a><\/h2>\t<div class=\"entry-meta entry-meta-divider-dot\">\n\t<span class=\"posted-by\"><span class=\"meta-label\">By<\/span><span class=\"author vcard\"><span class=\"fn n\">Marcin Turowski<\/span><\/span><\/span>\t\t\t<span class=\"posted-on\">\n\t\t\t\t<time class=\"entry-date published\" datetime=\"2024-11-24T19:51:04+01:00\">2024-11-24<\/time><time class=\"updated\" datetime=\"2024-12-03T06:50:42+01:00\">2024-12-03<\/time>\t\t\t<\/span>\n\t\t\t\t<\/div><!-- .entry-meta -->\n\t<\/header><!-- .entry-header -->\n\t<div class=\"entry-summary\">\n\t\t<p>10 kyu,&nbsp;pomara\u0144czowy&nbsp;pas 9 kyu,&nbsp;pomara\u0144czowy&nbsp;pas z&nbsp;b\u0142\u0119kitnym&nbsp;pagonem 8 kyu, pas&nbsp;b\u0142\u0119kitny 7 kyu, pas&nbsp;b\u0142\u0119kitny&nbsp;z&nbsp;\u017c\u00f3\u0142tym&nbsp;pagonem 6 kyu,&nbsp;\u017c\u00f3\u0142ty&nbsp;pas 5 kyu,&nbsp;\u017c\u00f3\u0142ty&nbsp;pas z&nbsp;zielonym&nbsp;pagonem&nbsp; 4 kyu,&nbsp;zielony&nbsp;pas 3 kyu,&nbsp;zielony&nbsp;pas z&nbsp;br\u0105zowym&nbsp;pagonem 2 kyu,&nbsp;br\u0105zowy&nbsp;pas 1 kyu,&nbsp;br\u0105zowy&nbsp;pas z czarnym pagonem<\/p>\n\t<\/div><!-- .entry-summary -->\n\t<footer class=\"entry-footer\">\n\t\t\t<div class=\"entry-actions\">\n\t\t\t<p class=\"more-link-wrap\">\n\t\t\t\t<a href=\"https:\/\/aswkarate-szczytno.pl\/?p=639\" class=\"post-more-link\">\n\t\t\t\t\tRead More<span class=\"screen-reader-text\"> Wymagania egzaminacyjne od 15 roku \u017cycia i doro\u015bli<\/span><span class=\"kadence-svg-iconset svg-baseline\"><svg aria-hidden=\"true\" class=\"kadence-svg-icon kadence-arrow-right-alt-svg\" fill=\"currentColor\" version=\"1.1\" xmlns=\"http:\/\/www.w3.org\/2000\/svg\" width=\"27\" height=\"28\" viewBox=\"0 0 27 28\"><title>Continue<\/title><path d=\"M27 13.953c0 0.141-0.063 0.281-0.156 0.375l-6 5.531c-0.156 0.141-0.359 0.172-0.547 0.094-0.172-0.078-0.297-0.25-0.297-0.453v-3.5h-19.5c-0.281 0-0.5-0.219-0.5-0.5v-3c0-0.281 0.219-0.5 0.5-0.5h19.5v-3.5c0-0.203 0.109-0.375 0.297-0.453s0.391-0.047 0.547 0.078l6 5.469c0.094 0.094 0.156 0.219 0.156 0.359v0z\"><\/path>\n\t\t\t<\/svg><\/span>\t\t\t\t<\/a>\n\t\t\t<\/p>\n\t\t<\/div><!-- .entry-actions -->\n\t\t<\/footer><!-- .entry-footer -->\t\t<\/div>\n\t<\/article>\n<\/li>\n<li class=\"kb-post-list-item\">\n\t<article class=\"entry content-bg loop-entry post-637 post type-post status-publish format-standard hentry category-bez-kategorii\">\n\t\t\t\t<div class=\"entry-content-wrap\">\n\t\t\t<header class=\"entry-header\">\n\t\t<div class=\"entry-taxonomies\">\n\t\t<span class=\"category-links term-links category-style-normal\">\n\t\t\t<a href=\"https:\/\/aswkarate-szczytno.pl\/?cat=1\" class=\"category-link-bez-kategorii\" rel=\"tag\">Bez kategorii<\/a>\t\t<\/span>\n\t<\/div><!-- .entry-taxonomies -->\n\t<h2 class=\"entry-title\"><a href=\"https:\/\/aswkarate-szczytno.pl\/?p=637\" rel=\"bookmark\">Wymagania egzaminacyjne junior do 14 roku \u017cycia w\u0142\u0105cznie<\/a><\/h2>\t<div class=\"entry-meta entry-meta-divider-dot\">\n\t<span class=\"posted-by\"><span class=\"meta-label\">By<\/span><span class=\"author vcard\"><span class=\"fn n\">Marcin Turowski<\/span><\/span><\/span>\t\t\t<span class=\"posted-on\">\n\t\t\t\t<time class=\"entry-date published\" datetime=\"2024-11-24T19:48:33+01:00\">2024-11-24<\/time><time class=\"updated\" datetime=\"2024-12-03T06:52:02+01:00\">2024-12-03<\/time>\t\t\t<\/span>\n\t\t\t\t<\/div><!-- .entry-meta -->\n\t<\/header><!-- .entry-header -->\n\t<div class=\"entry-summary\">\n\t\t<p>10.1 Kyu \u2013&nbsp;pomara\u0144czowy&nbsp;pas + 1 czerwony pagon 10.2 Kyu \u2013&nbsp;pomara\u0144czowy&nbsp;pas + 2 czerwone pagony 10.3 Kyu \u2013&nbsp;pomara\u0144czowy&nbsp;pas + 3 czerwone pagony 9.1 Kyu \u2013&nbsp;pomara\u0144czowy&nbsp;pas + 1 czerwony pagon + 1&nbsp;niebieski&nbsp;pagon 9.2 Kyu \u2013&nbsp;pomara\u0144czowy&nbsp;pas + 2 czerwone pagony + 1&nbsp;niebieski&nbsp;pagon 9.3 Kyu \u2013&nbsp;pomara\u0144czowy&nbsp;pas + 3 czerwone pagony + 1&nbsp;niebieski&nbsp;pagon 8.1 Kyu \u2013&nbsp;niebieski&nbsp;pas + 1 czerwony pagon&#8230;<\/p>\n\t<\/div><!-- .entry-summary -->\n\t<footer class=\"entry-footer\">\n\t\t\t<div class=\"entry-actions\">\n\t\t\t<p class=\"more-link-wrap\">\n\t\t\t\t<a href=\"https:\/\/aswkarate-szczytno.pl\/?p=637\" class=\"post-more-link\">\n\t\t\t\t\tRead More<span class=\"screen-reader-text\"> Wymagania egzaminacyjne junior do 14 roku \u017cycia w\u0142\u0105cznie<\/span><span class=\"kadence-svg-iconset svg-baseline\"><svg aria-hidden=\"true\" class=\"kadence-svg-icon kadence-arrow-right-alt-svg\" fill=\"currentColor\" version=\"1.1\" xmlns=\"http:\/\/www.w3.org\/2000\/svg\" width=\"27\" height=\"28\" viewBox=\"0 0 27 28\"><title>Continue<\/title><path d=\"M27 13.953c0 0.141-0.063 0.281-0.156 0.375l-6 5.531c-0.156 0.141-0.359 0.172-0.547 0.094-0.172-0.078-0.297-0.25-0.297-0.453v-3.5h-19.5c-0.281 0-0.5-0.219-0.5-0.5v-3c0-0.281 0.219-0.5 0.5-0.5h19.5v-3.5c0-0.203 0.109-0.375 0.297-0.453s0.391-0.047 0.547 0.078l6 5.469c0.094 0.094 0.156 0.219 0.156 0.359v0z\"><\/path>\n\t\t\t<\/svg><\/span>\t\t\t\t<\/a>\n\t\t\t<\/p>\n\t\t<\/div><!-- .entry-actions -->\n\t\t<\/footer><!-- .entry-footer -->\t\t<\/div>\n\t<\/article>\n<\/li>\n<\/ul><\/div><\/div>\n\n<\/div><\/div>\n\n\n<p><\/p>\n","protected":false},"excerpt":{"rendered":"<p>Aktualno\u015bci&#8230;<\/p>\n","protected":false},"author":1,"featured_media":379,"parent":0,"menu_order":0,"comment_status":"open","ping_status":"closed","template":"","meta":{"_kadence_starter_templates_imported_post":false,"_kad_post_transparent":"","_kad_post_title":"","_kad_post_layout":"","_kad_post_sidebar_id":"","_kad_post_content_style":"","_kad_post_vertical_padding":"","_kad_post_feature":"","_kad_post_feature_position":"","_kad_post_header":false,"_kad_post_footer":false,"footnotes":""},"class_list":["post-130","page","type-page","status-publish","has-post-thumbnail","hentry"],"jetpack_sharing_enabled":true,"_links":{"self":[{"href":"https:\/\/aswkarate-szczytno.pl\/index.php?rest_route=\/wp\/v2\/pages\/130","targetHints":{"allow":["GET"]}}],"collection":[{"href":"https:\/\/aswkarate-szczytno.pl\/index.php?rest_route=\/wp\/v2\/pages"}],"about":[{"href":"https:\/\/aswkarate-szczytno.pl\/index.php?rest_route=\/wp\/v2\/types\/page"}],"author":[{"embeddable":true,"href":"https:\/\/aswkarate-szczytno.pl\/index.php?rest_route=\/wp\/v2\/users\/1"}],"replies":[{"embeddable":true,"href":"https:\/\/aswkarate-szczytno.pl\/index.php?rest_route=%2Fwp%2Fv2%2Fcomments&post=130"}],"version-history":[{"count":11,"href":"https:\/\/aswkarate-szczytno.pl\/index.php?rest_route=\/wp\/v2\/pages\/130\/revisions"}],"predecessor-version":[{"id":571,"href":"https:\/\/aswkarate-szczytno.pl\/index.php?rest_route=\/wp\/v2\/pages\/130\/revisions\/571"}],"wp:featuredmedia":[{"embeddable":true,"href":"https:\/\/aswkarate-szczytno.pl\/index.php?rest_route=\/wp\/v2\/media\/379"}],"wp:attachment":[{"href":"https:\/\/aswkarate-szczytno.pl\/index.php?rest_route=%2Fwp%2Fv2%2Fmedia&parent=130"}],"curies":[{"name":"wp","href":"https:\/\/api.w.org\/{rel}","templated":true}]}}