{"id":277,"date":"2024-08-23T17:30:19","date_gmt":"2024-08-23T15:30:19","guid":{"rendered":"https:\/\/aswkarate-szczytno.pl\/?page_id=277"},"modified":"2024-08-24T14:34:32","modified_gmt":"2024-08-24T12:34:32","slug":"do-pobrania","status":"publish","type":"page","link":"https:\/\/aswkarate-szczytno.pl\/?page_id=277","title":{"rendered":"Do pobrania"},"content":{"rendered":"<style>.kb-row-layout-id277_193072-66 > .kt-row-column-wrap{align-content:start;}:where(.kb-row-layout-id277_193072-66 > .kt-row-column-wrap) > .wp-block-kadence-column{justify-content:start;}.kb-row-layout-id277_193072-66 > .kt-row-column-wrap{column-gap:var(--global-kb-gap-md, 2rem);row-gap:var(--global-kb-gap-md, 2rem);padding-top:var(--global-kb-spacing-5xl, 10rem);padding-bottom:var(--global-kb-spacing-sm, 1.5rem);grid-template-columns:minmax(0, 1fr);}.kb-row-layout-id277_193072-66{background-image:url('https:\/\/aswkarate-szczytno.pl\/wp-content\/uploads\/2024\/08\/IMG_4861.jpg');background-size:cover;background-position:center center;background-attachment:scroll;background-repeat:no-repeat;}.kb-row-layout-id277_193072-66 > .kt-row-layout-overlay{opacity:0.76;background-color:var(--global-palette2, #2B6CB0);}.kb-row-layout-id277_193072-66 .kt-row-layout-bottom-sep{height:100px;}.kb-row-layout-id277_193072-66 .kt-row-layout-bottom-sep svg{width:100%;}.kb-row-layout-id277_193072-66 .kt-row-layout-bottom-sep svg{fill:#ffffff!important;}@media all and (max-width: 1024px){.kb-row-layout-id277_193072-66 > .kt-row-column-wrap{grid-template-columns:minmax(0, 1fr);}}@media all and (max-width: 1024px){.kb-row-layout-id277_193072-66 .kt-row-layout-bottom-sep{height:px;}}@media all and (max-width: 1024px){.kb-row-layout-id277_193072-66 .kt-row-layout-bottom-sep svg{width:%;}}@media all and (max-width: 767px){.kb-row-layout-id277_193072-66 > .kt-row-column-wrap{grid-template-columns:minmax(0, 1fr);}.kb-row-layout-id277_193072-66 .kt-row-layout-bottom-sep{height:px;}.kb-row-layout-id277_193072-66 .kt-row-layout-bottom-sep svg{width:%;}}<\/style><div class=\"kb-row-layout-wrap kb-row-layout-id277_193072-66 alignnone kt-row-has-bg wp-block-kadence-rowlayout\"><div class=\"kt-row-layout-overlay kt-row-overlay-normal\"><\/div><div class=\"kt-row-layout-bottom-sep kt-row-sep-type-sltl\"><svg viewBox=\"0 0 1000 100\" preserveAspectRatio=\"none\"><path d=\"M1000,0l-1000,100l1000,0l0,-100Z\" \/><\/svg><\/div><div class=\"kt-row-column-wrap kt-has-1-columns kt-row-layout-equal kt-tab-layout-inherit kt-mobile-layout-row kt-row-valign-top\">\n<style>.kadence-column277_16b9d9-68 > .kt-inside-inner-col,.kadence-column277_16b9d9-68 > .kt-inside-inner-col:before{border-top-left-radius:0px;border-top-right-radius:0px;border-bottom-right-radius:0px;border-bottom-left-radius:0px;}.kadence-column277_16b9d9-68 > .kt-inside-inner-col{column-gap:var(--global-kb-gap-sm, 1rem);}.kadence-column277_16b9d9-68 > .kt-inside-inner-col{flex-direction:column;}.kadence-column277_16b9d9-68 > .kt-inside-inner-col > .aligncenter{width:100%;}.kadence-column277_16b9d9-68 > .kt-inside-inner-col:before{opacity:0.3;}.kadence-column277_16b9d9-68{position:relative;}@media all and (max-width: 1024px){.kadence-column277_16b9d9-68 > .kt-inside-inner-col{flex-direction:column;justify-content:center;}}@media all and (max-width: 767px){.kadence-column277_16b9d9-68 > .kt-inside-inner-col{flex-direction:column;justify-content:center;}}<\/style>\n<div class=\"wp-block-kadence-column kadence-column277_16b9d9-68\"><div class=\"kt-inside-inner-col\"><\/div><\/div>\n\n<\/div><\/div>\n\n<style>.kb-row-layout-id277_7ab059-88 > .kt-row-column-wrap{align-content:start;}:where(.kb-row-layout-id277_7ab059-88 > .kt-row-column-wrap) > .wp-block-kadence-column{justify-content:start;}.kb-row-layout-id277_7ab059-88 > .kt-row-column-wrap{column-gap:var(--global-kb-gap-md, 2rem);row-gap:var(--global-kb-gap-md, 2rem);max-width:1200px;margin-left:auto;margin-right:auto;padding-top:var(--global-kb-spacing-xl, 4rem);padding-bottom:var(--global-kb-spacing-sm, 1.5rem);grid-template-columns:minmax(0, 1fr);}.kb-row-layout-id277_7ab059-88 > .kt-row-layout-overlay{opacity:0.30;}@media all and (max-width: 1024px){.kb-row-layout-id277_7ab059-88 > .kt-row-column-wrap{grid-template-columns:minmax(0, 1fr);}}@media all and (max-width: 767px){.kb-row-layout-id277_7ab059-88 > .kt-row-column-wrap{grid-template-columns:minmax(0, 1fr);}}<\/style><div class=\"kb-row-layout-wrap kb-row-layout-id277_7ab059-88 alignnone wp-block-kadence-rowlayout\"><div class=\"kt-row-column-wrap kt-has-1-columns kt-row-layout-equal kt-tab-layout-inherit kt-mobile-layout-row kt-row-valign-top\">\n<style>.kadence-column277_f9f31f-e5 > .kt-inside-inner-col,.kadence-column277_f9f31f-e5 > .kt-inside-inner-col:before{border-top-left-radius:0px;border-top-right-radius:0px;border-bottom-right-radius:0px;border-bottom-left-radius:0px;}.kadence-column277_f9f31f-e5 > .kt-inside-inner-col{column-gap:var(--global-kb-gap-sm, 1rem);}.kadence-column277_f9f31f-e5 > .kt-inside-inner-col{flex-direction:column;}.kadence-column277_f9f31f-e5 > .kt-inside-inner-col > .aligncenter{width:100%;}.kadence-column277_f9f31f-e5 > .kt-inside-inner-col:before{opacity:0.3;}.kadence-column277_f9f31f-e5{position:relative;}@media all and (max-width: 1024px){.kadence-column277_f9f31f-e5 > .kt-inside-inner-col{flex-direction:column;justify-content:center;}}@media all and (max-width: 767px){.kadence-column277_f9f31f-e5 > .kt-inside-inner-col{flex-direction:column;justify-content:center;}}<\/style>\n<div class=\"wp-block-kadence-column kadence-column277_f9f31f-e5\"><div class=\"kt-inside-inner-col\">\n<p>Dokumenty do pobrania:<\/p>\n\n\n\n<div class=\"wp-block-file\"><a id=\"wp-block-file--media-114d8660-2c7e-475c-9f6a-a82b56909b1c\" href=\"https:\/\/aswkarate-szczytno.pl\/wp-content\/uploads\/2024\/08\/Oswiadczenie-o-wyrazeniu-zgody-na-wykorzystywanie-wizerunku-dziecka-w-ASW-Novum-Szczytno.docx\">O\u015bwiadczenie o wyra\u017ceniu zgody na wykorzystywanie wizerunku dziecka w ASW &#8211; Novum Szczytno<\/a><a href=\"https:\/\/aswkarate-szczytno.pl\/wp-content\/uploads\/2024\/08\/Oswiadczenie-o-wyrazeniu-zgody-na-wykorzystywanie-wizerunku-dziecka-w-ASW-Novum-Szczytno.docx\" class=\"wp-block-file__button wp-element-button\" download aria-describedby=\"wp-block-file--media-114d8660-2c7e-475c-9f6a-a82b56909b1c\">Pobierz<\/a><\/div>\n\n\n\n<div class=\"wp-block-file\"><a id=\"wp-block-file--media-d8d2c79c-fe81-481b-8340-581adde8df23\" href=\"https:\/\/aswkarate-szczytno.pl\/wp-content\/uploads\/2024\/08\/Standardy-Ochrony-Maloletnich-w-ASW-Novum-Szczytno.docx\">Standardy Ochrony Ma\u0142oletnich w ASW &#8211; Novum Szczytno<\/a><a href=\"https:\/\/aswkarate-szczytno.pl\/wp-content\/uploads\/2024\/08\/Standardy-Ochrony-Maloletnich-w-ASW-Novum-Szczytno.docx\" class=\"wp-block-file__button wp-element-button\" download aria-describedby=\"wp-block-file--media-d8d2c79c-fe81-481b-8340-581adde8df23\">Pobierz<\/a><\/div>\n\n\n\n<div class=\"wp-block-file\"><a id=\"wp-block-file--media-647e9f98-7f6f-491f-8816-bcc2e656e206\" href=\"https:\/\/aswkarate-szczytno.pl\/wp-content\/uploads\/2024\/08\/Zalaczniki-do-Standardow-Ochrony-Maloletnich.docx\">Za\u0142\u0105czniki do Standard\u00f3w Ochrony Ma\u0142oletnich<\/a><a href=\"https:\/\/aswkarate-szczytno.pl\/wp-content\/uploads\/2024\/08\/Zalaczniki-do-Standardow-Ochrony-Maloletnich.docx\" class=\"wp-block-file__button wp-element-button\" download aria-describedby=\"wp-block-file--media-647e9f98-7f6f-491f-8816-bcc2e656e206\">Pobierz<\/a><\/div>\n<\/div><\/div>\n\n<\/div><\/div>","protected":false},"excerpt":{"rendered":"<p>Dokumenty do pobrania:<\/p>\n","protected":false},"author":1,"featured_media":0,"parent":0,"menu_order":0,"comment_status":"closed","ping_status":"closed","template":"","meta":{"_kadence_starter_templates_imported_post":false,"_kad_post_transparent":"","_kad_post_title":"","_kad_post_layout":"","_kad_post_sidebar_id":"","_kad_post_content_style":"","_kad_post_vertical_padding":"","_kad_post_feature":"","_kad_post_feature_position":"","_kad_post_header":false,"_kad_post_footer":false,"footnotes":""},"class_list":["post-277","page","type-page","status-publish","hentry"],"jetpack_sharing_enabled":true,"_links":{"self":[{"href":"https:\/\/aswkarate-szczytno.pl\/index.php?rest_route=\/wp\/v2\/pages\/277","targetHints":{"allow":["GET"]}}],"collection":[{"href":"https:\/\/aswkarate-szczytno.pl\/index.php?rest_route=\/wp\/v2\/pages"}],"about":[{"href":"https:\/\/aswkarate-szczytno.pl\/index.php?rest_route=\/wp\/v2\/types\/page"}],"author":[{"embeddable":true,"href":"https:\/\/aswkarate-szczytno.pl\/index.php?rest_route=\/wp\/v2\/users\/1"}],"replies":[{"embeddable":true,"href":"https:\/\/aswkarate-szczytno.pl\/index.php?rest_route=%2Fwp%2Fv2%2Fcomments&post=277"}],"version-history":[{"count":5,"href":"https:\/\/aswkarate-szczytno.pl\/index.php?rest_route=\/wp\/v2\/pages\/277\/revisions"}],"predecessor-version":[{"id":301,"href":"https:\/\/aswkarate-szczytno.pl\/index.php?rest_route=\/wp\/v2\/pages\/277\/revisions\/301"}],"wp:attachment":[{"href":"https:\/\/aswkarate-szczytno.pl\/index.php?rest_route=%2Fwp%2Fv2%2Fmedia&parent=277"}],"curies":[{"name":"wp","href":"https:\/\/api.w.org\/{rel}","templated":true}]}}