{"id":287,"date":"2024-08-23T17:34:56","date_gmt":"2024-08-23T15:34:56","guid":{"rendered":"https:\/\/aswkarate-szczytno.pl\/?page_id=287"},"modified":"2024-08-23T20:57:04","modified_gmt":"2024-08-23T18:57:04","slug":"polityka-prywatnosci-2","status":"publish","type":"page","link":"https:\/\/aswkarate-szczytno.pl\/?page_id=287","title":{"rendered":"Polityka prywatno\u015bci"},"content":{"rendered":"<style>.kb-row-layout-id287_13717f-fe > .kt-row-column-wrap{align-content:start;}:where(.kb-row-layout-id287_13717f-fe > .kt-row-column-wrap) > .wp-block-kadence-column{justify-content:start;}.kb-row-layout-id287_13717f-fe > .kt-row-column-wrap{column-gap:var(--global-kb-gap-md, 2rem);row-gap:var(--global-kb-gap-md, 2rem);padding-top:var(--global-kb-spacing-5xl, 10rem);padding-bottom:var(--global-kb-spacing-sm, 1.5rem);grid-template-columns:minmax(0, 1fr);}.kb-row-layout-id287_13717f-fe{background-image:url('https:\/\/aswkarate-szczytno.pl\/wp-content\/uploads\/2024\/08\/IMG_4861.jpg');background-size:cover;background-position:center center;background-attachment:scroll;background-repeat:no-repeat;}.kb-row-layout-id287_13717f-fe > .kt-row-layout-overlay{opacity:0.76;background-color:var(--global-palette2, #2B6CB0);}.kb-row-layout-id287_13717f-fe .kt-row-layout-bottom-sep{height:100px;}.kb-row-layout-id287_13717f-fe .kt-row-layout-bottom-sep svg{width:100%;}.kb-row-layout-id287_13717f-fe .kt-row-layout-bottom-sep svg{fill:#ffffff!important;}@media all and (max-width: 1024px){.kb-row-layout-id287_13717f-fe > .kt-row-column-wrap{grid-template-columns:minmax(0, 1fr);}}@media all and (max-width: 1024px){.kb-row-layout-id287_13717f-fe .kt-row-layout-bottom-sep{height:px;}}@media all and (max-width: 1024px){.kb-row-layout-id287_13717f-fe .kt-row-layout-bottom-sep svg{width:%;}}@media all and (max-width: 767px){.kb-row-layout-id287_13717f-fe > .kt-row-column-wrap{grid-template-columns:minmax(0, 1fr);}.kb-row-layout-id287_13717f-fe .kt-row-layout-bottom-sep{height:px;}.kb-row-layout-id287_13717f-fe .kt-row-layout-bottom-sep svg{width:%;}}<\/style><div class=\"kb-row-layout-wrap kb-row-layout-id287_13717f-fe alignnone kt-row-has-bg wp-block-kadence-rowlayout\"><div class=\"kt-row-layout-overlay kt-row-overlay-normal\"><\/div><div class=\"kt-row-layout-bottom-sep kt-row-sep-type-sltl\"><svg viewBox=\"0 0 1000 100\" preserveAspectRatio=\"none\"><path d=\"M1000,0l-1000,100l1000,0l0,-100Z\" \/><\/svg><\/div><div class=\"kt-row-column-wrap kt-has-1-columns kt-row-layout-equal kt-tab-layout-inherit kt-mobile-layout-row kt-row-valign-top\">\n<style>.kadence-column287_db1768-65 > .kt-inside-inner-col,.kadence-column287_db1768-65 > .kt-inside-inner-col:before{border-top-left-radius:0px;border-top-right-radius:0px;border-bottom-right-radius:0px;border-bottom-left-radius:0px;}.kadence-column287_db1768-65 > .kt-inside-inner-col{column-gap:var(--global-kb-gap-sm, 1rem);}.kadence-column287_db1768-65 > .kt-inside-inner-col{flex-direction:column;}.kadence-column287_db1768-65 > .kt-inside-inner-col > .aligncenter{width:100%;}.kadence-column287_db1768-65 > .kt-inside-inner-col:before{opacity:0.3;}.kadence-column287_db1768-65{position:relative;}@media all and (max-width: 1024px){.kadence-column287_db1768-65 > .kt-inside-inner-col{flex-direction:column;justify-content:center;}}@media all and (max-width: 767px){.kadence-column287_db1768-65 > .kt-inside-inner-col{flex-direction:column;justify-content:center;}}<\/style>\n<div class=\"wp-block-kadence-column kadence-column287_db1768-65\"><div class=\"kt-inside-inner-col\"><\/div><\/div>\n\n<\/div><\/div>\n\n<style>.kb-row-layout-id287_d8a63d-d3 > .kt-row-column-wrap{align-content:start;}:where(.kb-row-layout-id287_d8a63d-d3 > .kt-row-column-wrap) > .wp-block-kadence-column{justify-content:start;}.kb-row-layout-id287_d8a63d-d3 > .kt-row-column-wrap{column-gap:var(--global-kb-gap-md, 2rem);row-gap:var(--global-kb-gap-md, 2rem);max-width:1200px;margin-left:auto;margin-right:auto;padding-top:var(--global-kb-spacing-sm, 1.5rem);padding-bottom:var(--global-kb-spacing-sm, 1.5rem);grid-template-columns:minmax(0, 1fr);}.kb-row-layout-id287_d8a63d-d3 > .kt-row-layout-overlay{opacity:0.30;}@media all and (max-width: 1024px){.kb-row-layout-id287_d8a63d-d3 > .kt-row-column-wrap{grid-template-columns:minmax(0, 1fr);}}@media all and (max-width: 767px){.kb-row-layout-id287_d8a63d-d3 > .kt-row-column-wrap{grid-template-columns:minmax(0, 1fr);}}<\/style><div class=\"kb-row-layout-wrap kb-row-layout-id287_d8a63d-d3 alignnone wp-block-kadence-rowlayout\"><div class=\"kt-row-column-wrap kt-has-1-columns kt-row-layout-equal kt-tab-layout-inherit kt-mobile-layout-row kt-row-valign-top\">\n<style>.kadence-column287_0cd6ad-4c > .kt-inside-inner-col,.kadence-column287_0cd6ad-4c > .kt-inside-inner-col:before{border-top-left-radius:0px;border-top-right-radius:0px;border-bottom-right-radius:0px;border-bottom-left-radius:0px;}.kadence-column287_0cd6ad-4c > .kt-inside-inner-col{column-gap:var(--global-kb-gap-sm, 1rem);}.kadence-column287_0cd6ad-4c > .kt-inside-inner-col{flex-direction:column;}.kadence-column287_0cd6ad-4c > .kt-inside-inner-col > .aligncenter{width:100%;}.kadence-column287_0cd6ad-4c > .kt-inside-inner-col:before{opacity:0.3;}.kadence-column287_0cd6ad-4c{position:relative;}@media all and (max-width: 1024px){.kadence-column287_0cd6ad-4c > .kt-inside-inner-col{flex-direction:column;justify-content:center;}}@media all and (max-width: 767px){.kadence-column287_0cd6ad-4c > .kt-inside-inner-col{flex-direction:column;justify-content:center;}}<\/style>\n<div class=\"wp-block-kadence-column kadence-column287_0cd6ad-4c\"><div class=\"kt-inside-inner-col\">\n<h2 class=\"wp-block-heading\">Kim jeste\u015bmy<\/h2>\n\n\n\n<p>Administratorem danych osobowych u\u017cytkownik\u00f3w jest Akademia Sztuk Walki &#8211; Novum z\u00a0siedzib\u0105 przy ul. W\u0142adys\u0142awa Sikorskiego 8\/4, 12-100 Szczytno, Polska; NIP 7451841917.\u00a0Adres naszej strony internetowej to: <a href=\"https:\/\/aswkarate-szczytno.pl\/\">https:\/\/aswkarate-szczytno.pl\/<\/a> .<\/p>\n\n\n\n<ul class=\"wp-block-list\">\n<li>adres e-mail:&nbsp;daro0506@wp.pl<\/li>\n\n\n\n<li>tel.&nbsp;<strong>501 280 577<\/strong><\/li>\n<\/ul>\n\n\n\n<h2 class=\"wp-block-heading\">Komentarze<\/h2>\n\n\n\n<p>Kiedy odwiedzaj\u0105cy witryn\u0119 zostawia komentarz, zbieramy dane widoczne w&nbsp;formularzu komentowania, jak i&nbsp;adres IP odwiedzaj\u0105cego oraz&nbsp;podpis jego przegl\u0105darki jako pomoc przy wykrywaniu spamu.<\/p>\n\n\n\n<p>Anonimizowany ci\u0105g znak\u00f3w utworzony z&nbsp;twojego&nbsp;adresu e-mail (zwany te\u017c hashem) mo\u017ce zosta\u0107 przes\u0142any do&nbsp;us\u0142ugi Gravatar w&nbsp;celu sprawdzenia czy&nbsp;jest u\u017cywany. Polityka prywatno\u015bci us\u0142ugi Gravatar jest dost\u0119pna pod&nbsp;adresem: https:\/\/automattic.com\/privacy\/. Po&nbsp;zatwierdzeniu komentarza tw\u00f3j&nbsp;obrazek profilowy jest widoczny publicznie w&nbsp;kontek\u015bcie twojego&nbsp;komentarza.<\/p>\n\n\n\n<h2 class=\"wp-block-heading\">Media<\/h2>\n\n\n\n<p>Je\u015bli jeste\u015b zarejestrowanym u\u017cytkownikiem i&nbsp;wgrywasz na&nbsp;witryn\u0119 obrazki, powiniene\u015b unika\u0107 przesy\u0142ania obrazk\u00f3w z&nbsp;tagami EXIF lokalizacji. Odwiedzaj\u0105cy stron\u0119 mog\u0105 pobra\u0107 i&nbsp;odczyta\u0107 pe\u0142ne dane lokalizacyjne z&nbsp;obrazk\u00f3w w&nbsp;witrynie.<\/p>\n\n\n\n<h2 class=\"wp-block-heading\">Ciasteczka<\/h2>\n\n\n\n<p>Je\u015bli skomentujesz co\u015b w&nbsp;witrynie, b\u0119dzie mo\u017cna wybra\u0107 opcj\u0119 zapisu nazwy, adresu e-mail i&nbsp;witryny internetowej w&nbsp;ciasteczkach, dzi\u0119ki kt\u00f3rym&nbsp;podczas pisania kolejnych komentarzy powy\u017csze informacje b\u0119d\u0105 ju\u017c dogodnie uzupe\u0142nione. Ciasteczka wygasaj\u0105 po&nbsp;roku.<\/p>\n\n\n\n<p>Je\u015bli odwiedzisz stron\u0119 logowania, utworzymy tymczasowe ciasteczko na&nbsp;potrzeby sprawdzenia czy&nbsp;twoja przegl\u0105darka akceptuje ciasteczka. Nie&nbsp;zawiera ono \u017cadnych danych osobistych i&nbsp;zostanie usuni\u0119te, kiedy przegl\u0105darka zostanie zamkni\u0119ta.<\/p>\n\n\n\n<p>Podczas logowania tworzymy dodatkowo kilka ciasteczek potrzebnych do&nbsp;zapisu twoich&nbsp;informacji logowania oraz&nbsp;wybranych opcji ekranu. Ciasteczka logowania wygasaj\u0105 po&nbsp;dw\u00f3ch dniach, a&nbsp;opcji ekranu po&nbsp;roku. Je\u015bli zaznaczysz opcj\u0119 \u201ePami\u0119taj mnie\u201d, logowanie wyga\u015bnie po&nbsp;dw\u00f3ch tygodniach. Je\u015bli wylogujesz si\u0119 ze&nbsp;swojego konta, ciasteczka logowania zostan\u0105 usuni\u0119te.<\/p>\n\n\n\n<p>Je\u015bli zmodyfikujesz albo&nbsp;opublikujesz artyku\u0142, w&nbsp;twojej&nbsp;przegl\u0105darce zostanie zapisane dodatkowe ciasteczko. To&nbsp;ciasteczko nie&nbsp;zawiera \u017cadnych danych osobistych, wskazuj\u0105c po&nbsp;prostu na&nbsp;identyfikator przed&nbsp;chwil\u0105 edytowanego artyku\u0142u. Wygasa ono po&nbsp;1 dniu.<\/p>\n\n\n\n<h2 class=\"wp-block-heading\">Osadzone tre\u015bci z&nbsp;innych witryn<\/h2>\n\n\n\n<p>Artyku\u0142y na&nbsp;tej&nbsp;witrynie mog\u0105 zawiera\u0107 osadzone tre\u015bci (np.&nbsp;filmy, obrazki, artyku\u0142y itp.). Osadzone tre\u015bci z&nbsp;innych witryn zachowuj\u0105 si\u0119 analogicznie do&nbsp;tego, jakby u\u017cytkownik odwiedzi\u0142 bezpo\u015brednio konkretn\u0105 witryn\u0119.<\/p>\n\n\n\n<p>Witryny mog\u0105 zbiera\u0107 informacje o&nbsp;tobie, u\u017cywa\u0107 ciasteczek, do\u0142\u0105cza\u0107 dodatkowe, zewn\u0119trzne systemy \u015bledzenia i&nbsp;monitorowa\u0107 twoje&nbsp;interakcje z&nbsp;osadzonym materia\u0142em, w\u0142\u0105czaj\u0105c w&nbsp;to&nbsp;\u015bledzenie twoich&nbsp;interakcji z&nbsp;osadzonym materia\u0142em je\u015bli posiadasz konto i&nbsp;jeste\u015b zalogowany w&nbsp;tamtej&nbsp;witrynie.<\/p>\n\n\n\n<h2 class=\"wp-block-heading\">Jak d\u0142ugo przechowujemy twoje&nbsp;dane<\/h2>\n\n\n\n<p>Je\u015bli zostawisz komentarz, jego tre\u015b\u0107 i&nbsp;metadane b\u0119d\u0105 przechowywane przez&nbsp;czas nieokre\u015blony. Dzi\u0119ki temu jeste\u015bmy w&nbsp;stanie rozpoznawa\u0107 i&nbsp;zatwierdza\u0107 kolejne komentarze automatycznie, bez&nbsp;wysy\u0142ania ich do&nbsp;ka\u017cdorazowej moderacji.<\/p>\n\n\n\n<p>Dla u\u017cytkownik\u00f3w kt\u00f3rzy&nbsp;zarejestrowali si\u0119 na&nbsp;naszej stronie internetowej (je\u015bli tacy s\u0105), przechowujemy r\u00f3wnie\u017c informacje osobiste wprowadzone w&nbsp;profilu. Ka\u017cdy u\u017cytkownik mo\u017ce dokona\u0107 wgl\u0105du, korekty albo&nbsp;skasowa\u0107 swoje informacje osobiste w&nbsp;dowolnej chwili (nie&nbsp;licz\u0105c nazwy u\u017cytkownika, kt\u00f3rej&nbsp;nie&nbsp;mo\u017cna zmieni\u0107). Administratorzy strony r\u00f3wnie\u017c mog\u0105 przegl\u0105da\u0107 i&nbsp;modyfikowa\u0107 te&nbsp;informacje.<\/p>\n\n\n\n<h2 class=\"wp-block-heading\">Jakie masz prawa do&nbsp;swoich danych<\/h2>\n\n\n\n<p>Je\u015bli masz konto u\u017cytkownika albo&nbsp;doda\u0142e\u015b komentarze w&nbsp;tej&nbsp;witrynie, mo\u017cesz za\u017c\u0105da\u0107 dostarczenia pliku z&nbsp;wyeksportowanym kompletem twoich&nbsp;danych osobistych b\u0119d\u0105cych w&nbsp;naszym posiadaniu, w&nbsp;tym ca\u0142o\u015b\u0107 tych dostarczonych przez&nbsp;ciebie. Mo\u017cesz r\u00f3wnie\u017c za\u017c\u0105da\u0107 usuni\u0119cia przez&nbsp;nas ca\u0142o\u015bci twoich&nbsp;danych osobistych w&nbsp;naszym posiadaniu. Nie&nbsp;dotyczy to&nbsp;\u017cadnych danych kt\u00f3re jeste\u015bmy zobligowani zachowa\u0107 ze&nbsp;wzgl\u0119d\u00f3w administracyjnych, prawnych albo&nbsp;bezpiecze\u0144stwa.<\/p>\n\n\n\n<p>Innymi s\u0142owy masz prawo do:<\/p>\n\n\n\n<ul class=\"wp-block-list\">\n<li>otrzymania dost\u0119pu do&nbsp;danych osobowych,<\/li>\n\n\n\n<li>\u017c\u0105dania&nbsp;sprostowania danych,<\/li>\n\n\n\n<li>kopii danych,<\/li>\n\n\n\n<li>usuni\u0119cia danych,<\/li>\n\n\n\n<li>ograniczenia przetwarzania danych,<\/li>\n\n\n\n<li>przenoszenia danych,<\/li>\n\n\n\n<li>sprzeciwu wobec przetwarzania danych osobowych,<\/li>\n\n\n\n<li>wycofania zgody na&nbsp;przetwarzanie danych.<\/li>\n<\/ul>\n\n\n\n<h2 class=\"wp-block-heading\">Gdzie wys\u0142amy twoje&nbsp;dane<\/h2>\n\n\n\n<p>Komentarze go\u015bci mog\u0105 by\u0107 sprawdzane za&nbsp;pomoc\u0105 automatycznej us\u0142ugi wykrywania spamu.<\/p>\n<\/div><\/div>\n\n<\/div><\/div>","protected":false},"excerpt":{"rendered":"<p>Kim jeste\u015bmy Administratorem danych osobowych u\u017cytkownik\u00f3w jest Akademia Sztuk Walki &#8211; Novum z\u00a0siedzib\u0105 przy ul. W\u0142adys\u0142awa Sikorskiego 8\/4, 12-100 Szczytno, Polska; NIP 7451841917.\u00a0Adres naszej strony internetowej to: https:\/\/aswkarate-szczytno.pl\/ . Komentarze Kiedy odwiedzaj\u0105cy witryn\u0119 zostawia komentarz, zbieramy dane widoczne w&nbsp;formularzu komentowania, jak i&nbsp;adres IP odwiedzaj\u0105cego oraz&nbsp;podpis jego przegl\u0105darki jako pomoc przy wykrywaniu spamu. Anonimizowany ci\u0105g znak\u00f3w&#8230;<\/p>\n","protected":false},"author":1,"featured_media":0,"parent":0,"menu_order":0,"comment_status":"closed","ping_status":"closed","template":"","meta":{"_kadence_starter_templates_imported_post":false,"_kad_post_transparent":"","_kad_post_title":"","_kad_post_layout":"","_kad_post_sidebar_id":"","_kad_post_content_style":"","_kad_post_vertical_padding":"","_kad_post_feature":"","_kad_post_feature_position":"","_kad_post_header":false,"_kad_post_footer":false,"footnotes":""},"class_list":["post-287","page","type-page","status-publish","hentry"],"jetpack_sharing_enabled":true,"_links":{"self":[{"href":"https:\/\/aswkarate-szczytno.pl\/index.php?rest_route=\/wp\/v2\/pages\/287","targetHints":{"allow":["GET"]}}],"collection":[{"href":"https:\/\/aswkarate-szczytno.pl\/index.php?rest_route=\/wp\/v2\/pages"}],"about":[{"href":"https:\/\/aswkarate-szczytno.pl\/index.php?rest_route=\/wp\/v2\/types\/page"}],"author":[{"embeddable":true,"href":"https:\/\/aswkarate-szczytno.pl\/index.php?rest_route=\/wp\/v2\/users\/1"}],"replies":[{"embeddable":true,"href":"https:\/\/aswkarate-szczytno.pl\/index.php?rest_route=%2Fwp%2Fv2%2Fcomments&post=287"}],"version-history":[{"count":5,"href":"https:\/\/aswkarate-szczytno.pl\/index.php?rest_route=\/wp\/v2\/pages\/287\/revisions"}],"predecessor-version":[{"id":298,"href":"https:\/\/aswkarate-szczytno.pl\/index.php?rest_route=\/wp\/v2\/pages\/287\/revisions\/298"}],"wp:attachment":[{"href":"https:\/\/aswkarate-szczytno.pl\/index.php?rest_route=%2Fwp%2Fv2%2Fmedia&parent=287"}],"curies":[{"name":"wp","href":"https:\/\/api.w.org\/{rel}","templated":true}]}}